{"id":74,"date":"2025-05-15T15:33:17","date_gmt":"2025-05-15T13:33:17","guid":{"rendered":"https:\/\/mellbygg.se\/?page_id=74"},"modified":"2025-07-15T10:32:13","modified_gmt":"2025-07-15T08:32:13","slug":"vara-tjanster","status":"publish","type":"page","link":"https:\/\/mellbygg.se\/?page_id=74","title":{"rendered":"V\u00c5RA TJ\u00c4NSTER"},"content":{"rendered":"\n<div class=\"wp-block-cover alignwide is-light\" style=\"padding-top:var(--wp--preset--spacing--70);padding-right:var(--wp--preset--spacing--70);padding-bottom:var(--wp--preset--spacing--70);padding-left:var(--wp--preset--spacing--70)\"><img loading=\"lazy\" decoding=\"async\" width=\"1180\" height=\"806\" class=\"wp-block-cover__image-background wp-image-158 size-full\" alt=\"arbetare monterar v\u00e4ggsektioner\" src=\"https:\/\/mellbygg.se\/wp-content\/uploads\/2025\/05\/bygge1.jpg\" data-object-fit=\"cover\"\/><span aria-hidden=\"true\" class=\"wp-block-cover__background has-background-dim-0 has-background-dim\" style=\"background-color:#898373\"><\/span><div class=\"wp-block-cover__inner-container has-global-padding is-layout-constrained wp-container-core-cover-is-layout-ae744a23 wp-block-cover-is-layout-constrained\">\n<div class=\"wp-block-columns alignwide has-background is-layout-flex wp-container-core-columns-is-layout-be969680 wp-block-columns-is-layout-flex\" style=\"background-color:#ffffffe0;padding-top:var(--wp--preset--spacing--50);padding-right:var(--wp--preset--spacing--50);padding-bottom:var(--wp--preset--spacing--50);padding-left:var(--wp--preset--spacing--50)\">\n<div class=\"wp-block-column is-layout-flow wp-block-column-is-layout-flow\">\n<h1 class=\"wp-block-heading has-text-align-center\"><strong>V\u00c5RA TJ\u00c4NSTER<\/strong><\/h1>\n\n\n\n<p class=\"has-text-align-center\">Vi p\u00e5 Mellbygg kan hj\u00e4lpa dig med allt fr\u00e5n nybyggnad till renovering, om- och tillbyggnad, k\u00f6k, badrum, byte av f\u00f6nster, golvarbete, takarbete, inredningsarbete, snickeri, konstruktionsl\u00f6sningar, fasadrenovering, rivningsjobb, grovst\u00e4dning och sj\u00e4lvklart andra arbeten enligt \u00f6verenskommelse.<br><br>Vi kan snabbt anpassa oss till v\u00e5ra kunders specifika \u00f6nskem\u00e5l vad g\u00e4ller uppdragets omfattning och inneh\u00e5ll med bibeh\u00e5llen kvalitet.<br><br>Tveka inte att h\u00f6ra av dig till oss via email eller telefon!<\/p>\n\n\n\n<div style=\"height:32px\" aria-hidden=\"true\" class=\"wp-block-spacer\"><\/div>\n\n\n\n<div class=\"wp-block-buttons is-content-justification-center is-layout-flex wp-container-core-buttons-is-layout-a89b3969 wp-block-buttons-is-layout-flex\">\n<div class=\"wp-block-button\"><a class=\"wp-block-button__link wp-element-button\" href=\"https:\/\/mellbygg.se\/?page_id=76\">BOKA NU<\/a><\/div>\n<\/div>\n<\/div>\n<\/div>\n<\/div><\/div>\n\n\n\n<p><\/p>\n","protected":false},"excerpt":{"rendered":"","protected":false},"author":1,"featured_media":0,"parent":0,"menu_order":30,"comment_status":"closed","ping_status":"closed","template":"page-no-title","meta":{"footnotes":""},"class_list":["post-74","page","type-page","status-publish","hentry"],"_links":{"self":[{"href":"https:\/\/mellbygg.se\/index.php?rest_route=\/wp\/v2\/pages\/74","targetHints":{"allow":["GET"]}}],"collection":[{"href":"https:\/\/mellbygg.se\/index.php?rest_route=\/wp\/v2\/pages"}],"about":[{"href":"https:\/\/mellbygg.se\/index.php?rest_route=\/wp\/v2\/types\/page"}],"author":[{"embeddable":true,"href":"https:\/\/mellbygg.se\/index.php?rest_route=\/wp\/v2\/users\/1"}],"replies":[{"embeddable":true,"href":"https:\/\/mellbygg.se\/index.php?rest_route=%2Fwp%2Fv2%2Fcomments&post=74"}],"version-history":[{"count":3,"href":"https:\/\/mellbygg.se\/index.php?rest_route=\/wp\/v2\/pages\/74\/revisions"}],"predecessor-version":[{"id":168,"href":"https:\/\/mellbygg.se\/index.php?rest_route=\/wp\/v2\/pages\/74\/revisions\/168"}],"wp:attachment":[{"href":"https:\/\/mellbygg.se\/index.php?rest_route=%2Fwp%2Fv2%2Fmedia&parent=74"}],"curies":[{"name":"wp","href":"https:\/\/api.w.org\/{rel}","templated":true}]}}