{"id":7,"date":"2025-05-14T15:56:32","date_gmt":"2025-05-14T13:56:32","guid":{"rendered":"https:\/\/mellbygg.se\/?page_id=7"},"modified":"2025-07-15T10:32:47","modified_gmt":"2025-07-15T08:32:47","slug":"hem","status":"publish","type":"page","link":"https:\/\/mellbygg.se\/","title":{"rendered":"HEM"},"content":{"rendered":"\n<div class=\"wp-block-cover alignfull is-light\" style=\"margin-top:0;margin-bottom:0;padding-top:0;padding-bottom:0\"><img loading=\"lazy\" decoding=\"async\" width=\"2500\" height=\"1875\" class=\"wp-block-cover__image-background wp-image-9 size-full\" alt=\"\" src=\"https:\/\/mellbygg.se\/wp-content\/uploads\/2025\/05\/P4130799.jpg\" style=\"object-position:50% 60%\" data-object-fit=\"cover\" data-object-position=\"50% 60%\"\/><span aria-hidden=\"true\" class=\"wp-block-cover__background has-background-dim-0 has-background-dim\" style=\"background-color:#989ba1\"><\/span><div class=\"wp-block-cover__inner-container has-global-padding is-layout-constrained wp-block-cover-is-layout-constrained\">\n<div class=\"wp-block-columns alignwide is-layout-flex wp-container-core-columns-is-layout-28f84493 wp-block-columns-is-layout-flex\">\n<div class=\"wp-block-column has-background is-layout-flow wp-container-core-column-is-layout-c1e778cc wp-block-column-is-layout-flow\" style=\"background-color:#ffffffe3;padding-top:var(--wp--preset--spacing--50);padding-right:var(--wp--preset--spacing--50);padding-bottom:var(--wp--preset--spacing--50);padding-left:var(--wp--preset--spacing--50);flex-basis:35%\">\n<h2 class=\"wp-block-heading\"><strong>Praktiskt taget allt fr\u00e5n f\u00f6rsta spik till f\u00e4rdigt hus<\/strong><\/h2>\n\n\n\n<p>&nbsp;<\/p>\n\n\n\n<p>V\u00e4lkommen till oss p\u00e5 Mellbygg &#8211; vi kan erbjuda det mesta inom husbygge!<\/p>\n\n\n\n<p>&nbsp;<\/p>\n\n\n\n<p>Tillsammans kommer vi \u00f6verens med er om en l\u00f6sning som passar just era behov och l\u00e4gger upp en tidsplan f\u00f6r den tj\u00e4nst ni best\u00e4ller.<\/p>\n\n\n\n<div class=\"wp-block-buttons is-content-justification-center is-layout-flex wp-container-core-buttons-is-layout-a89b3969 wp-block-buttons-is-layout-flex\">\n<div class=\"wp-block-button\"><a class=\"wp-block-button__link has-white-color has-accent-3-background-color has-text-color has-background has-link-color has-text-align-center wp-element-button\" href=\"https:\/\/mellbygg.se\/?page_id=74\">L\u00c4S MER<\/a><\/div>\n<\/div>\n<\/div>\n\n\n\n<div class=\"wp-block-column is-layout-flow wp-block-column-is-layout-flow\"><\/div>\n<\/div>\n<\/div><\/div>\n\n\n\n<div style=\"height:26px\" aria-hidden=\"true\" class=\"wp-block-spacer\"><\/div>\n\n\n\n<hr class=\"wp-block-separator has-alpha-channel-opacity\"\/>\n\n\n\n<h2 class=\"wp-block-heading has-text-align-center\"><strong>VAD G\u00d6R VI?<\/strong><\/h2>\n\n\n\n<p class=\"has-text-align-center\">Vi \u00e4r en professionell och kundfokuserad byggfirma bel\u00e4gen i Halland som kan erbjuda det mesta inom husbygge!<\/p>\n\n\n\n<p class=\"has-text-align-center\">Tillsammans med er kommer vi \u00f6verens om en l\u00f6sning som passar just era behov och l\u00e4gger upp en tidsplan f\u00f6r den tj\u00e4nst ni best\u00e4ller.<\/p>\n\n\n\n<p class=\"has-text-align-center\">&nbsp;Ut\u00f6ver v\u00e5ra egna tj\u00e4nster kan vi \u00e4ven ordna l\u00f6sningar genom andra leverant\u00f6rer f\u00f6r att kunna tillhandah\u00e5lla helhetsl\u00f6sningar!<\/p>\n\n\n\n<hr class=\"wp-block-separator has-alpha-channel-opacity\"\/>\n\n\n\n<div style=\"height:30px\" aria-hidden=\"true\" class=\"wp-block-spacer\"><\/div>\n\n\n\n<div class=\"wp-block-columns alignwide is-layout-flex wp-container-core-columns-is-layout-28f84493 wp-block-columns-is-layout-flex\">\n<div class=\"wp-block-column is-layout-flow wp-block-column-is-layout-flow\" style=\"padding-right:var(--wp--preset--spacing--30);padding-left:var(--wp--preset--spacing--30)\">\n<h3 class=\"wp-block-heading has-text-align-center\"><strong>VARF\u00d6R V\u00c4LJA MELLBYGG?<\/strong><\/h3>\n\n\n\n<p>Det \u00e4r mycket att t\u00e4nka p\u00e5 n\u00e4r man ska renovera eller bygga &#8211; d\u00e4rf\u00f6r l\u00e4gger vi p\u00e5 Mellbygg stor vikt vid att leverera professionell och prisv\u00e4rd service som alltid h\u00e5ller h\u00f6g kvalitet. Vi har l\u00e5ng erfarenhet och god kontakt med kunniga underleverant\u00f6rer &#8211; allt f\u00f6r att kunna erbjuda helhetsl\u00f6sningar med fokus&nbsp;p\u00e5 kvalitet, s\u00e4kerhet och prisv\u00e4rdhet!<\/p>\n<\/div>\n\n\n\n<div class=\"wp-block-column is-layout-flow wp-block-column-is-layout-flow\" style=\"padding-right:var(--wp--preset--spacing--30);padding-left:var(--wp--preset--spacing--30)\">\n<h3 class=\"wp-block-heading has-text-align-center\"><strong>KVALITET<\/strong><\/h3>\n\n\n\n<p>F\u00f6r oss st\u00e5r kunden alltid i centrum och vi l\u00e4gger mycket stor vikt vid att vara lyh\u00f6rda och fokusera p\u00e5 kundens f\u00f6rv\u00e4ntningar f\u00f6r att kunna leverera bra resultat.<br><\/p>\n\n\n\n<ul class=\"wp-block-list\">\n<li>Lyh\u00f6rdhet f\u00f6r kundens krav och f\u00f6rv\u00e4ntningar<\/li>\n\n\n\n<li>H\u00f6g kvalitet p\u00e5 arbetet<\/li>\n\n\n\n<li>Leveranser inom avtalad tid<\/li>\n<\/ul>\n<\/div>\n<\/div>\n\n\n\n<hr class=\"wp-block-separator has-alpha-channel-opacity\"\/>\n\n\n\n<div class=\"wp-block-columns alignwide is-layout-flex wp-container-core-columns-is-layout-28f84493 wp-block-columns-is-layout-flex\">\n<div class=\"wp-block-column is-layout-flow wp-block-column-is-layout-flow\" style=\"padding-right:var(--wp--preset--spacing--30);padding-left:var(--wp--preset--spacing--30)\">\n<h3 class=\"wp-block-heading has-text-align-center\"><strong>S\u00c4KERHET<\/strong><\/h3>\n\n\n\n<p>Det \u00e4r viktigt f\u00f6r oss att kontinuerligt se \u00f6ver arbetss\u00e4tt och rutiner b\u00e5de med anledning av att leverera s\u00e4kra produkter men \u00e4ven f\u00f6r att minska risken f\u00f6r arbetsskador.<\/p>\n\n\n\n<ul class=\"wp-block-list\">\n<li>Kontinuerlig kontroll av rutiner f\u00f6r att garantera s\u00e4kerheten i arbetet<\/li>\n\n\n\n<li>S\u00e4kra leveranser<\/li>\n<\/ul>\n<\/div>\n\n\n\n<div class=\"wp-block-column is-layout-flow wp-block-column-is-layout-flow\" style=\"padding-right:var(--wp--preset--spacing--30);padding-left:var(--wp--preset--spacing--30)\">\n<h3 class=\"wp-block-heading has-text-align-center\"><strong>PRISV\u00c4RDHET<\/strong><\/h3>\n\n\n\n<p>Goda relationer med v\u00e5ra aff\u00e4rspartners m\u00f6jligg\u00f6r kostnadseffektivitet i processen vilket \u00e4ven leder till prisv\u00e4rda erbjudanden f\u00f6r v\u00e5ra kunder.<br><\/p>\n\n\n\n<ul class=\"wp-block-list\">\n<li>Kostnadseffektiva arbetsprocesser<\/li>\n\n\n\n<li>Tillhandah\u00e5llande av prisv\u00e4rda l\u00f6sningar till kund<\/li>\n<\/ul>\n<\/div>\n<\/div>\n\n\n\n<hr class=\"wp-block-separator has-alpha-channel-opacity\"\/>\n\n\n\n<div class=\"wp-block-columns alignfull has-white-color has-accent-3-background-color has-text-color has-background has-link-color wp-elements-af71666d9d494803e6c81375c1c86c47 is-layout-flex wp-container-core-columns-is-layout-28f84493 wp-block-columns-is-layout-flex\">\n<div class=\"wp-block-column is-layout-flow wp-block-column-is-layout-flow\" style=\"flex-basis:25%\"><\/div>\n\n\n\n<div class=\"wp-block-column word-cloud is-layout-flow wp-block-column-is-layout-flow\" style=\"flex-basis:50%\">\n<h1 class=\"wp-block-heading has-text-align-center has-white-color has-text-color has-link-color wp-elements-80574c817b006cb0a42fdac2bebef7ac\"><strong>Din personliga snickare<\/strong><\/h1>\n\n\n\n<p>Nybyggnad<\/p>\n\n\n\n<p>Byte av f\u00f6nster<\/p>\n\n\n\n<p>Ombyggnad<\/p>\n\n\n\n<p class=\"has-text-align-left\">Golvrenovering<\/p>\n\n\n\n<p>Renoveringar<\/p>\n\n\n\n<p>Inredning<\/p>\n\n\n\n<p class=\"has-text-align-center\">Tillbyggnad<\/p>\n\n\n\n<p>Takrenovering<\/p>\n\n\n\n<p>K\u00f6k<\/p>\n\n\n\n<p>Snickeri<\/p>\n\n\n\n<p>Badrum<\/p>\n\n\n\n<p>Konstruktionsl\u00f6sningar<\/p>\n\n\n\n<p>Fasadrenovering<\/p>\n\n\n\n<p>Rivningsjobb<\/p>\n\n\n\n<p>Grovst\u00e4dning<\/p>\n\n\n\n<p>Andra arbeten enligt \u00f6verenskommelse<\/p>\n<\/div>\n\n\n\n<div class=\"wp-block-column is-layout-flow wp-block-column-is-layout-flow\" style=\"flex-basis:25%\"><\/div>\n<\/div>\n\n\n\n<div class=\"wp-block-cover alignfull is-light has-custom-content-position is-position-bottom-center\" style=\"min-height:670px;aspect-ratio:unset;\"><img loading=\"lazy\" decoding=\"async\" width=\"2500\" height=\"1875\" class=\"wp-block-cover__image-background wp-image-10 size-full\" alt=\"\" src=\"https:\/\/mellbygg.se\/wp-content\/uploads\/2025\/05\/P5190063.jpg\" style=\"object-position:48% 14%\" data-object-fit=\"cover\" data-object-position=\"48% 14%\"\/><span aria-hidden=\"true\" class=\"wp-block-cover__background has-background-dim-0 has-background-dim\" style=\"background-color:#b3b6bd\"><\/span><div class=\"wp-block-cover__inner-container has-global-padding is-layout-constrained wp-block-cover-is-layout-constrained\">\n<div class=\"wp-block-columns has-white-color has-text-color has-background has-link-color wp-elements-f7691d5e7ab6de022584a65b013742c8 is-layout-flex wp-container-core-columns-is-layout-28f84493 wp-block-columns-is-layout-flex\" style=\"background-color:#128f82\">\n<div class=\"wp-block-column is-layout-flow wp-block-column-is-layout-flow\">\n<h2 class=\"wp-block-heading has-text-align-center has-white-color has-text-color has-link-color wp-elements-d9b667441bf0a8e5b15956ef4b25721e\"><strong>OM OSS<\/strong><\/h2>\n\n\n\n<p>Mellbygg \u00e4r&nbsp;grundat av Peter Hallgren, entrepren\u00f6r fr\u00e5n Mellbystrand, fullutbildad snickare med yrkesbevis och \u00f6ver 10 \u00e5rs erfarenhet av branschen.&nbsp;<\/p>\n<\/div>\n<\/div>\n<\/div><\/div>\n\n\n\n<hr class=\"wp-block-separator has-alpha-channel-opacity\"\/>\n\n\n\n<h2 class=\"wp-block-heading has-text-align-center\"><strong>V\u00c5RT GEOGRAFISKA OMR\u00c5DE<\/strong><\/h2>\n\n\n\n<p class=\"has-text-align-center\">Mellbygg verkar i s\u00f6dra Halland och norra Sk\u00e5ne och fr\u00e4mst omkring<br>Laholms kommun d\u00e4r vi har m\u00e5nga trogna kunder.&nbsp;<\/p>\n\n\n\n<figure class=\"wp-block-gallery alignwide has-nested-images columns-default is-cropped wp-block-gallery-1 is-layout-flex wp-block-gallery-is-layout-flex\">\n<figure class=\"wp-block-image size-large\"><img loading=\"lazy\" decoding=\"async\" width=\"1600\" height=\"1200\" data-id=\"29\" src=\"https:\/\/mellbygg.se\/wp-content\/uploads\/2025\/05\/cbf71d9a-b54a-4781-93bd-fb3d96a06940.jpg\" alt=\"\" class=\"wp-image-29\"\/><\/figure>\n\n\n\n<figure class=\"wp-block-image size-large\"><img loading=\"lazy\" decoding=\"async\" width=\"1600\" height=\"1200\" data-id=\"27\" src=\"https:\/\/mellbygg.se\/wp-content\/uploads\/2025\/05\/51f7c53e-e1e5-4d89-a910-815ed3e719fe.jpg\" alt=\"\" class=\"wp-image-27\"\/><\/figure>\n\n\n\n<figure class=\"wp-block-image size-large\"><img loading=\"lazy\" decoding=\"async\" width=\"1600\" height=\"1200\" data-id=\"28\" src=\"https:\/\/mellbygg.se\/wp-content\/uploads\/2025\/05\/68a3bf1f-a5fe-4b77-ba78-7d6604d86e5d.jpg\" alt=\"\" class=\"wp-image-28\"\/><\/figure>\n<\/figure>\n\n\n\n<p><\/p>\n","protected":false},"excerpt":{"rendered":"<p>VAD G\u00d6R VI? Vi \u00e4r en professionell och kundfokuserad byggfirma bel\u00e4gen i Halland som kan erbjuda det mesta inom husbygge! Tillsammans med er kommer vi \u00f6verens om en l\u00f6sning som passar just era behov och l\u00e4gger upp en tidsplan f\u00f6r den tj\u00e4nst ni best\u00e4ller. &nbsp;Ut\u00f6ver v\u00e5ra egna tj\u00e4nster kan vi \u00e4ven ordna l\u00f6sningar genom andra [&hellip;]<\/p>\n","protected":false},"author":1,"featured_media":0,"parent":0,"menu_order":10,"comment_status":"closed","ping_status":"closed","template":"page-no-title","meta":{"footnotes":""},"class_list":["post-7","page","type-page","status-publish","hentry"],"_links":{"self":[{"href":"https:\/\/mellbygg.se\/index.php?rest_route=\/wp\/v2\/pages\/7","targetHints":{"allow":["GET"]}}],"collection":[{"href":"https:\/\/mellbygg.se\/index.php?rest_route=\/wp\/v2\/pages"}],"about":[{"href":"https:\/\/mellbygg.se\/index.php?rest_route=\/wp\/v2\/types\/page"}],"author":[{"embeddable":true,"href":"https:\/\/mellbygg.se\/index.php?rest_route=\/wp\/v2\/users\/1"}],"replies":[{"embeddable":true,"href":"https:\/\/mellbygg.se\/index.php?rest_route=%2Fwp%2Fv2%2Fcomments&post=7"}],"version-history":[{"count":5,"href":"https:\/\/mellbygg.se\/index.php?rest_route=\/wp\/v2\/pages\/7\/revisions"}],"predecessor-version":[{"id":169,"href":"https:\/\/mellbygg.se\/index.php?rest_route=\/wp\/v2\/pages\/7\/revisions\/169"}],"wp:attachment":[{"href":"https:\/\/mellbygg.se\/index.php?rest_route=%2Fwp%2Fv2%2Fmedia&parent=7"}],"curies":[{"name":"wp","href":"https:\/\/api.w.org\/{rel}","templated":true}]}}