{"id":58,"date":"2025-05-15T13:50:57","date_gmt":"2025-05-15T11:50:57","guid":{"rendered":"https:\/\/mellbygg.se\/?page_id=58"},"modified":"2025-05-20T13:16:06","modified_gmt":"2025-05-20T11:16:06","slug":"om-oss","status":"publish","type":"page","link":"https:\/\/mellbygg.se\/?page_id=58","title":{"rendered":"OM OSS"},"content":{"rendered":"\n<div class=\"wp-block-group alignwide has-background has-global-padding is-layout-constrained wp-block-group-is-layout-constrained\" style=\"background:linear-gradient(135deg,rgb(180,237,164) 0%,rgb(168,236,232) 100%)\">\n<div class=\"wp-block-columns alignfull is-style-default is-layout-flex wp-container-core-columns-is-layout-a1f62a3c wp-block-columns-is-layout-flex\" style=\"margin-top:0;margin-bottom:0;padding-top:var(--wp--preset--spacing--30);padding-bottom:var(--wp--preset--spacing--30)\">\n<div class=\"wp-block-column is-style-default has-background is-layout-flow wp-block-column-is-layout-flow\" style=\"background:linear-gradient(135deg,rgb(182,252,243) 0%,rgb(230,255,201) 100%);padding-top:0;padding-right:var(--wp--preset--spacing--40);padding-bottom:0;padding-left:var(--wp--preset--spacing--40)\">\n<div class=\"wp-block-columns alignwide is-layout-flex wp-container-core-columns-is-layout-28f84493 wp-block-columns-is-layout-flex\">\n<div class=\"wp-block-column is-layout-flow wp-block-column-is-layout-flow\" style=\"padding-top:var(--wp--preset--spacing--40);padding-right:var(--wp--preset--spacing--30);padding-bottom:var(--wp--preset--spacing--40);padding-left:var(--wp--preset--spacing--30)\">\n<figure class=\"wp-block-image alignright size-full\"><img loading=\"lazy\" decoding=\"async\" width=\"514\" height=\"685\" src=\"https:\/\/mellbygg.se\/wp-content\/uploads\/2025\/05\/P5190020-2.jpg\" alt=\"\" class=\"wp-image-59\"\/><\/figure>\n<\/div>\n\n\n\n<div class=\"wp-block-column is-layout-flow wp-block-column-is-layout-flow\" style=\"padding-top:var(--wp--preset--spacing--40);padding-right:var(--wp--preset--spacing--30);padding-bottom:var(--wp--preset--spacing--40);padding-left:var(--wp--preset--spacing--30)\">\n<p style=\"padding-top:var(--wp--preset--spacing--40);padding-bottom:var(--wp--preset--spacing--40)\">Mellbygg startades 2020 av Peter Hallgren som idag \u00e4ger och driver firman. Vi \u00e4r en liten byggfirma som arbetar med ett stort engagemang med \u00f6ver 10 \u00e5rs erfarenhet av byggbranschen och f\u00f6retagande. Mellbygg verkar i s\u00f6dra Halland och fr\u00e4mst omkring Laholms kommun d\u00e4r vi har m\u00e5nga trogna kunder.<\/p>\n\n\n\n<p>Mellbygg har det stora f\u00f6retagets f\u00f6rdelar och det lilla f\u00f6retagets personlighet. Vi tar oss an allt fr\u00e5n mindre arbeten till omfattande projekt vilket m\u00f6jligg\u00f6rs av v\u00e5r mycket kompetenta personal, med erfarna arbetsledare. Vi har \u00e4ven byggt upp ett gediget kontaktn\u00e4t av ledande samarbetspartners och underentrepren\u00f6rer i kommunen, som kompletterar oss med specialistkompetensen inom sina respektive yrkesomr\u00e5den. Du kan d\u00e4rf\u00f6r som kund k\u00e4nna dig trygg med att du f\u00e5r komplett och kvalitativ service n\u00e4r du anlitar oss.<\/p>\n\n\n\n<p>Mellbygg kan hj\u00e4lpa dig med nybyggnad, renovering, om- och tillbyggnad, k\u00f6k, badrum, byte av f\u00f6nster, golvarbete, takarbete, inredningsarbete, snickeri, konstruktionsl\u00f6sningar, fasadrenovering, rivningsjobb, grovst\u00e4dning och sj\u00e4lvklart andra arbeten enligt \u00f6verenskommelse. Vi kan snabbt anpassa oss till v\u00e5ra kunders specifika \u00f6nskem\u00e5l vad g\u00e4ller uppdragets omfattning och inneh\u00e5ll med bibeh\u00e5llen kvalitet.<\/p>\n<\/div>\n<\/div>\n<\/div>\n<\/div>\n<\/div>\n\n\n\n<div style=\"height:50px\" aria-hidden=\"true\" class=\"wp-block-spacer\"><\/div>\n\n\n\n<h2 class=\"wp-block-heading has-text-align-center has-contrast-color has-text-color has-link-color wp-elements-7e3234722400a967585c5d63cde91d96\"><strong>BYGGTEAMET<\/strong><\/h2>\n\n\n\n<hr class=\"wp-block-separator has-alpha-channel-opacity\"\/>\n\n\n\n<div class=\"wp-block-columns alignwide is-layout-flex wp-container-core-columns-is-layout-28f84493 wp-block-columns-is-layout-flex\">\n<div class=\"wp-block-column is-layout-flow wp-block-column-is-layout-flow\">\n<div class=\"wp-block-group has-global-padding is-layout-constrained wp-block-group-is-layout-constrained\">\n<h3 class=\"wp-block-heading has-text-align-center\"><strong>Peter<\/strong><\/h3>\n\n\n\n<figure class=\"wp-block-image aligncenter size-full has-custom-border\"><img loading=\"lazy\" decoding=\"async\" width=\"222\" height=\"280\" src=\"https:\/\/mellbygg.se\/wp-content\/uploads\/2025\/05\/P5190134-2.jpg\" alt=\"Peter\" class=\"wp-image-62\" style=\"border-radius:12px\"\/><\/figure>\n\n\n\n<p class=\"has-text-align-center\">\u00c4gare \/ snickare<\/p>\n<\/div>\n<\/div>\n\n\n\n<div class=\"wp-block-column is-layout-flow wp-block-column-is-layout-flow\">\n<div class=\"wp-block-group has-global-padding is-layout-constrained wp-block-group-is-layout-constrained\">\n<div class=\"wp-block-group has-global-padding is-layout-constrained wp-block-group-is-layout-constrained\">\n<h3 class=\"wp-block-heading has-text-align-center\"><strong>Marcus<\/strong><\/h3>\n\n\n\n<figure class=\"wp-block-image aligncenter size-full has-custom-border\"><img loading=\"lazy\" decoding=\"async\" width=\"222\" height=\"280\" src=\"https:\/\/mellbygg.se\/wp-content\/uploads\/2025\/05\/P5190151-2.jpg\" alt=\"Marcus\" class=\"wp-image-64\" style=\"border-radius:12px\"\/><\/figure>\n\n\n\n<p class=\"has-text-align-center\">Snickare<\/p>\n<\/div>\n<\/div>\n<\/div>\n\n\n\n<div class=\"wp-block-column is-layout-flow wp-block-column-is-layout-flow\">\n<div class=\"wp-block-group has-global-padding is-layout-constrained wp-block-group-is-layout-constrained\">\n<h3 class=\"wp-block-heading has-text-align-center\"><strong>Anders<\/strong><\/h3>\n\n\n\n<figure class=\"wp-block-image aligncenter size-full has-custom-border\"><img loading=\"lazy\" decoding=\"async\" width=\"222\" height=\"280\" src=\"https:\/\/mellbygg.se\/wp-content\/uploads\/2025\/05\/P8200083-2.jpg\" alt=\"Anders\" class=\"wp-image-65\" style=\"border-radius:12px\"\/><\/figure>\n\n\n\n<p class=\"has-text-align-center\">Snickare<\/p>\n<\/div>\n<\/div>\n<\/div>\n\n\n\n<div style=\"height:22px\" aria-hidden=\"true\" class=\"wp-block-spacer\"><\/div>\n\n\n\n<div class=\"wp-block-columns alignwide is-layout-flex wp-container-core-columns-is-layout-28f84493 wp-block-columns-is-layout-flex\">\n<div class=\"wp-block-column is-layout-flow wp-block-column-is-layout-flow\">\n<div class=\"wp-block-group has-global-padding is-layout-constrained wp-block-group-is-layout-constrained\">\n<h3 class=\"wp-block-heading has-text-align-center\"><strong>Putte<\/strong><\/h3>\n\n\n\n<figure class=\"wp-block-image aligncenter size-full has-custom-border\"><img loading=\"lazy\" decoding=\"async\" width=\"222\" height=\"280\" src=\"https:\/\/mellbygg.se\/wp-content\/uploads\/2025\/05\/P5190144-2.jpg\" alt=\"Putte\" class=\"wp-image-66\" style=\"border-radius:12px\"\/><\/figure>\n\n\n\n<p class=\"has-text-align-center\">Snickare\/murare<\/p>\n<\/div>\n<\/div>\n\n\n\n<div class=\"wp-block-column is-layout-flow wp-block-column-is-layout-flow\">\n<div class=\"wp-block-group has-global-padding is-layout-constrained wp-block-group-is-layout-constrained\">\n<h3 class=\"wp-block-heading has-text-align-center\"><strong>Daniel<\/strong><\/h3>\n\n\n\n<figure class=\"wp-block-image aligncenter size-full has-custom-border\"><img loading=\"lazy\" decoding=\"async\" width=\"222\" height=\"280\" src=\"https:\/\/mellbygg.se\/wp-content\/uploads\/2025\/05\/P5190180.jpg\" alt=\"Daniel\" class=\"wp-image-67\" style=\"border-radius:12px\"\/><\/figure>\n\n\n\n<p class=\"has-text-align-center\">Snickare<\/p>\n<\/div>\n<\/div>\n\n\n\n<div class=\"wp-block-column is-layout-flow wp-block-column-is-layout-flow\"><\/div>\n<\/div>\n\n\n\n<p><\/p>\n","protected":false},"excerpt":{"rendered":"<p>Mellbygg startades 2020 av Peter Hallgren som idag \u00e4ger och driver firman. Vi \u00e4r en liten byggfirma som arbetar med ett stort engagemang med \u00f6ver 10 \u00e5rs erfarenhet av byggbranschen och f\u00f6retagande. Mellbygg verkar i s\u00f6dra Halland och fr\u00e4mst omkring Laholms kommun d\u00e4r vi har m\u00e5nga trogna kunder. Mellbygg har det stora f\u00f6retagets f\u00f6rdelar och [&hellip;]<\/p>\n","protected":false},"author":1,"featured_media":0,"parent":0,"menu_order":20,"comment_status":"closed","ping_status":"closed","template":"page-no-title","meta":{"footnotes":""},"class_list":["post-58","page","type-page","status-publish","hentry"],"_links":{"self":[{"href":"https:\/\/mellbygg.se\/index.php?rest_route=\/wp\/v2\/pages\/58","targetHints":{"allow":["GET"]}}],"collection":[{"href":"https:\/\/mellbygg.se\/index.php?rest_route=\/wp\/v2\/pages"}],"about":[{"href":"https:\/\/mellbygg.se\/index.php?rest_route=\/wp\/v2\/types\/page"}],"author":[{"embeddable":true,"href":"https:\/\/mellbygg.se\/index.php?rest_route=\/wp\/v2\/users\/1"}],"replies":[{"embeddable":true,"href":"https:\/\/mellbygg.se\/index.php?rest_route=%2Fwp%2Fv2%2Fcomments&post=58"}],"version-history":[{"count":10,"href":"https:\/\/mellbygg.se\/index.php?rest_route=\/wp\/v2\/pages\/58\/revisions"}],"predecessor-version":[{"id":125,"href":"https:\/\/mellbygg.se\/index.php?rest_route=\/wp\/v2\/pages\/58\/revisions\/125"}],"wp:attachment":[{"href":"https:\/\/mellbygg.se\/index.php?rest_route=%2Fwp%2Fv2%2Fmedia&parent=58"}],"curies":[{"name":"wp","href":"https:\/\/api.w.org\/{rel}","templated":true}]}}